{"id":2204,"date":"2018-04-19T07:03:17","date_gmt":"2018-04-19T07:03:17","guid":{"rendered":"http:\/\/curly.mikado-themes.com\/?page_id=2204"},"modified":"2018-04-19T07:03:17","modified_gmt":"2018-04-19T07:03:17","slug":"testimonials","status":"publish","type":"page","link":"http:\/\/girlybeautylounge.com\/?page_id=2204","title":{"rendered":"Testimonials"},"content":{"rendered":"<section class=\"wpb-content-wrapper\"><p>[vc_row row_content_width=&#8220;grid&#8220; css=&#8220;.vc_custom_1524127814150{padding-top: 141px !important;padding-bottom: 141px !important;}&#8220;][vc_column offset=&#8220;vc_col-lg-offset-0 vc_col-lg-12 vc_col-md-offset-0 vc_col-md-12 vc_col-sm-offset-0&#8243;]<div class=\"mkdf-testimonials-holder clearfix mkdf-dark\">\n\n            <var class=\"mkdf-testimonials-background-text\" style=\"font-size:225px\">\n        They said        <\/var>\n    \n    <div class=\"mkdf-testimonials-mark\">&#8221;<\/div>\n    <div class=\"mkdf-testimonials mkdf-owl-slider\" data-number-of-items=\"1\" data-enable-loop=\"yes\" data-enable-autoplay=\"yes\" data-slider-speed=\"5000\" data-slider-speed-animation=\"600\" data-enable-navigation=\"no\" data-enable-pagination=\"yes\"  data-slider-animate-in=\"fadeInLeft\" data-slider-animate-out=\"fadeOutRight\">\n\n        \n                <div class=\"mkdf-testimonial-content\" id=\"mkdf-testimonials-321\">\n                    <div class=\"mkdf-testimonial-text-holder\">\n\n                                                    <h2 itemprop=\"name\" class=\"mkdf-testimonial-title entry-title\">DAS SAGEN UNSERE KUNDEN ...<\/h2>\n                        \n                                                    <h6 class=\"mkdf-testimonial-text\">Ich habe mich sehr wohl und willkommen gef\u00fchlt. Der Kundenservice ist ausgezeichnet - Getr\u00e4nke und Musik stehen bereit. Habe ein N\u00e4gel Design mitgebracht - super umgesetzt. Professionell gearbeitet. Bin sehr zufrieden und habe gleich meinen n\u00e4chsten Termin gebucht.<\/h6>\n                        \n                                                    <h5 class=\"mkdf-testimonial-author\">\n                                <span class=\"mkdf-testimonials-author-name\">Antonia<\/span>\n                                                                    <span class=\"mkdf-testimonials-author-job\"> &#x25CF; T<\/span>\n                                                            <\/h5>\n                        \n                    <\/div>\n                <\/div>\n\n                \n                <div class=\"mkdf-testimonial-content\" id=\"mkdf-testimonials-319\">\n                    <div class=\"mkdf-testimonial-text-holder\">\n\n                                                    <h2 itemprop=\"name\" class=\"mkdf-testimonial-title entry-title\">DAS SAGEN UNSERE KUNDEN ...<\/h2>\n                        \n                                                    <h6 class=\"mkdf-testimonial-text\">Excellent service! The entire staff was friendly,  welcoming atmosphere, and my nails are gorgeous! I will be back.<\/h6>\n                        \n                                                    <h5 class=\"mkdf-testimonial-author\">\n                                <span class=\"mkdf-testimonials-author-name\">Marife<\/span>\n                                                                    <span class=\"mkdf-testimonials-author-job\"> &#x25CF; Sanvictores<\/span>\n                                                            <\/h5>\n                        \n                    <\/div>\n                <\/div>\n\n                \n                <div class=\"mkdf-testimonial-content\" id=\"mkdf-testimonials-307\">\n                    <div class=\"mkdf-testimonial-text-holder\">\n\n                                                    <h2 itemprop=\"name\" class=\"mkdf-testimonial-title entry-title\">DAS SAGEN UNSERE KUNDEN ...<\/h2>\n                        \n                                                    <h6 class=\"mkdf-testimonial-text\">Alles perfekt!  Ich hatte eine Shellac Manik\u00fcre und Pedik\u00fcre gebucht und bin sehr zufrieden mit den Ergebnissen.  Ich habe mich sehr wohl gef\u00fchlt. Der Salon ist super gem\u00fctlich, die Mitarbeiter sehr zuvorkommend und die Produkte, die benutzt werden sind top! Shellac wird professionell mit einer L\u00f6sung entfernt.  Ich bin sehr gl\u00fccklich, dass ich diesen Laden gefunden habe!<\/h6>\n                        \n                                                    <h5 class=\"mkdf-testimonial-author\">\n                                <span class=\"mkdf-testimonials-author-name\">H\u00fclya<\/span>\n                                                                    <span class=\"mkdf-testimonials-author-job\"> &#x25CF; Can<\/span>\n                                                            <\/h5>\n                        \n                    <\/div>\n                <\/div>\n\n                \n    <\/div>\n<\/div>[\/vc_column][\/vc_row][vc_row row_content_width=&#8220;grid&#8220; css=&#8220;.vc_custom_1524649019314{padding-top: 141px !important;padding-bottom: 141px !important;}&#8220; simple_background_color=&#8220;#282828&#8243;][vc_column]<div class=\"mkdf-testimonials-holder clearfix mkdf-light\">\n\n            <var class=\"mkdf-testimonials-background-text\" style=\"font-size:225px\">\n        They said        <\/var>\n    \n    <div class=\"mkdf-testimonials-mark\">&#8221;<\/div>\n    <div class=\"mkdf-testimonials mkdf-owl-slider\" data-number-of-items=\"1\" data-enable-loop=\"yes\" data-enable-autoplay=\"yes\" data-slider-speed=\"5000\" data-slider-speed-animation=\"600\" data-enable-navigation=\"no\" data-enable-pagination=\"yes\"  data-slider-animate-in=\"fadeInLeft\" data-slider-animate-out=\"fadeOutRight\">\n\n        \n                <div class=\"mkdf-testimonial-content\" id=\"mkdf-testimonials-321\">\n                    <div class=\"mkdf-testimonial-text-holder\">\n\n                                                    <h2 itemprop=\"name\" class=\"mkdf-testimonial-title entry-title\">DAS SAGEN UNSERE KUNDEN ...<\/h2>\n                        \n                                                    <h6 class=\"mkdf-testimonial-text\">Ich habe mich sehr wohl und willkommen gef\u00fchlt. Der Kundenservice ist ausgezeichnet - Getr\u00e4nke und Musik stehen bereit. Habe ein N\u00e4gel Design mitgebracht - super umgesetzt. Professionell gearbeitet. Bin sehr zufrieden und habe gleich meinen n\u00e4chsten Termin gebucht.<\/h6>\n                        \n                                                    <h5 class=\"mkdf-testimonial-author\">\n                                <span class=\"mkdf-testimonials-author-name\">Antonia<\/span>\n                                                                    <span class=\"mkdf-testimonials-author-job\"> &#x25CF; T<\/span>\n                                                            <\/h5>\n                        \n                    <\/div>\n                <\/div>\n\n                \n                <div class=\"mkdf-testimonial-content\" id=\"mkdf-testimonials-319\">\n                    <div class=\"mkdf-testimonial-text-holder\">\n\n                                                    <h2 itemprop=\"name\" class=\"mkdf-testimonial-title entry-title\">DAS SAGEN UNSERE KUNDEN ...<\/h2>\n                        \n                                                    <h6 class=\"mkdf-testimonial-text\">Excellent service! The entire staff was friendly,  welcoming atmosphere, and my nails are gorgeous! I will be back.<\/h6>\n                        \n                                                    <h5 class=\"mkdf-testimonial-author\">\n                                <span class=\"mkdf-testimonials-author-name\">Marife<\/span>\n                                                                    <span class=\"mkdf-testimonials-author-job\"> &#x25CF; Sanvictores<\/span>\n                                                            <\/h5>\n                        \n                    <\/div>\n                <\/div>\n\n                \n                <div class=\"mkdf-testimonial-content\" id=\"mkdf-testimonials-307\">\n                    <div class=\"mkdf-testimonial-text-holder\">\n\n                                                    <h2 itemprop=\"name\" class=\"mkdf-testimonial-title entry-title\">DAS SAGEN UNSERE KUNDEN ...<\/h2>\n                        \n                                                    <h6 class=\"mkdf-testimonial-text\">Alles perfekt!  Ich hatte eine Shellac Manik\u00fcre und Pedik\u00fcre gebucht und bin sehr zufrieden mit den Ergebnissen.  Ich habe mich sehr wohl gef\u00fchlt. Der Salon ist super gem\u00fctlich, die Mitarbeiter sehr zuvorkommend und die Produkte, die benutzt werden sind top! Shellac wird professionell mit einer L\u00f6sung entfernt.  Ich bin sehr gl\u00fccklich, dass ich diesen Laden gefunden habe!<\/h6>\n                        \n                                                    <h5 class=\"mkdf-testimonial-author\">\n                                <span class=\"mkdf-testimonials-author-name\">H\u00fclya<\/span>\n                                                                    <span class=\"mkdf-testimonials-author-job\"> &#x25CF; Can<\/span>\n                                                            <\/h5>\n                        \n                    <\/div>\n                <\/div>\n\n                \n    <\/div>\n<\/div>[\/vc_column][\/vc_row]<\/p>\n<\/section>","protected":false},"excerpt":{"rendered":"<p>[vc_row row_content_width=&#8220;grid&#8220; css=&#8220;.vc_custom_1524127814150{padding-top: 141px !important;padding-bottom: 141px !important;}&#8220;][vc_column offset=&#8220;vc_col-lg-offset-0 vc_col-lg-12 vc_col-md-offset-0 vc_col-md-12 vc_col-sm-offset-0&#8243;][\/vc_column][\/vc_row][vc_row row_content_width=&#8220;grid&#8220; css=&#8220;.vc_custom_1524649019314{padding-top: 141px !important;padding-bottom: 141px !important;}&#8220; simple_background_color=&#8220;#282828&#8243;][vc_column][\/vc_column][\/vc_row]<\/p>\n","protected":false},"author":1,"featured_media":0,"parent":1269,"menu_order":0,"comment_status":"closed","ping_status":"closed","template":"full-width.php","meta":{"jetpack_post_was_ever_published":false,"footnotes":""},"class_list":["post-2204","page","type-page","status-publish","hentry"],"jetpack_sharing_enabled":true,"jetpack_shortlink":"https:\/\/wp.me\/PaEenJ-zy","_links":{"self":[{"href":"http:\/\/girlybeautylounge.com\/index.php?rest_route=\/wp\/v2\/pages\/2204","targetHints":{"allow":["GET"]}}],"collection":[{"href":"http:\/\/girlybeautylounge.com\/index.php?rest_route=\/wp\/v2\/pages"}],"about":[{"href":"http:\/\/girlybeautylounge.com\/index.php?rest_route=\/wp\/v2\/types\/page"}],"author":[{"embeddable":true,"href":"http:\/\/girlybeautylounge.com\/index.php?rest_route=\/wp\/v2\/users\/1"}],"replies":[{"embeddable":true,"href":"http:\/\/girlybeautylounge.com\/index.php?rest_route=%2Fwp%2Fv2%2Fcomments&post=2204"}],"version-history":[{"count":0,"href":"http:\/\/girlybeautylounge.com\/index.php?rest_route=\/wp\/v2\/pages\/2204\/revisions"}],"up":[{"embeddable":true,"href":"http:\/\/girlybeautylounge.com\/index.php?rest_route=\/wp\/v2\/pages\/1269"}],"wp:attachment":[{"href":"http:\/\/girlybeautylounge.com\/index.php?rest_route=%2Fwp%2Fv2%2Fmedia&parent=2204"}],"curies":[{"name":"wp","href":"https:\/\/api.w.org\/{rel}","templated":true}]}}